{"id":614,"date":"2020-09-29T20:08:59","date_gmt":"2020-09-29T20:08:59","guid":{"rendered":"http:\/\/localhost:8888\/holos\/?page_id=614"},"modified":"2023-07-28T19:46:18","modified_gmt":"2023-07-28T19:46:18","slug":"outsourcing","status":"publish","type":"page","link":"https:\/\/holos-consulting.com\/es\/outsourcing\/","title":{"rendered":"Outsourcing"},"content":{"rendered":"<p>[et_pb_section fb_built=&#8221;1&#8243; _builder_version=&#8221;4.4.1&#8243; background_image=&#8221;https:\/\/holos-consulting.com\/\/wp-content\/uploads\/2020\/10\/outsourcing_main.jpg&#8221; min_height=&#8221;650px&#8221; max_height=&#8221;760px&#8221;][et_pb_row _builder_version=&#8221;4.4.1&#8243;][et_pb_column type=&#8221;4_4&#8243; _builder_version=&#8221;4.4.1&#8243;][\/et_pb_column][\/et_pb_row][\/et_pb_section][et_pb_section fb_built=&#8221;1&#8243; module_id=&#8221;outsourcing&#8221; _builder_version=&#8221;4.4.1&#8243; background_color=&#8221;#F6F7F5&#8243; custom_padding=&#8221;3px||90px|||&#8221;][et_pb_row module_class=&#8221;outsourcing&#8221; _builder_version=&#8221;4.4.1&#8243; max_width=&#8221;1280px&#8221; custom_margin=&#8221;-120px||||false|false&#8221; custom_padding=&#8221;0px|||||&#8221;][et_pb_column type=&#8221;4_4&#8243; _builder_version=&#8221;4.4.1&#8243;][et_pb_text _builder_version=&#8221;4.4.1&#8243; background_color=&#8221;#ffffff&#8221; width=&#8221;760px&#8221; module_alignment=&#8221;left&#8221; custom_margin=&#8221;||90px|||&#8221; custom_padding=&#8221;60px|50px|60px|50px|false|false&#8221; hover_enabled=&#8221;0&#8243; border_width_left=&#8221;5px&#8221; border_color_left=&#8221;#4FABA7&#8243;]<\/p>\n<h2 class=\"title-section left green \">OUTSOURCING<\/h2>\n<p class=\"subtitle-section-g left\">Nuestro enfoque hol\u00edstico resulta fundamental al abordar la externalizaci\u00f3n de procesos de negocios. <br \/>A trav\u00e9s de un modelo de mejora continua con resultados verificables, apoyamos a nuestros clientes en el an\u00e1lisis, definici\u00f3n y ejecuci\u00f3n de estrategias que solucionen los desaf\u00edos planteados y que, a su vez, puedan integrarse con el resto de las funciones de la organizaci\u00f3n.\n<\/p>\n<p>[\/et_pb_text][\/et_pb_column][\/et_pb_row][et_pb_row column_structure=&#8221;3_5,2_5&#8243; module_id=&#8221;factores&#8221; module_class=&#8221;tab-wrap&#8221; _builder_version=&#8221;4.4.1&#8243; background_color=&#8221;#ffffff&#8221; width=&#8221;100%&#8221; max_width=&#8221;1450px&#8221; custom_margin=&#8221;-224px|auto||auto||&#8221; border_radii=&#8221;on|5px|5px|5px|5px&#8221; locked=&#8221;off&#8221;][et_pb_column type=&#8221;3_5&#8243; _builder_version=&#8221;4.4.1&#8243;][et_pb_text _builder_version=&#8221;4.4.1&#8243; text_font=&#8221;Lato||||||||&#8221; max_width=&#8221;600px&#8221; module_alignment=&#8221;center&#8221; custom_margin=&#8221;30px||0px||false|false&#8221;]<\/p>\n<p class=\"subtitle-section-g left\"><b>Algunas de las \u00e1reas en las que somos especialistas son:<\/b><\/p>\n<p>[\/et_pb_text][et_pb_text module_class=&#8221;dual_list&#8221; _builder_version=&#8221;4.4.1&#8243; text_font=&#8221;Lato||||||||&#8221; max_width=&#8221;100%&#8221; module_alignment=&#8221;center&#8221; custom_margin=&#8221;||30px||false|false&#8221; custom_padding=&#8221;0px|||||&#8221;]<\/p>\n<p class=\"subtitle-section-g left\"><span class=\"icon circle\">Administraci\u00f3n de contratos <\/span><span class=\"icon circle\">Levantamiento de contratos <\/span><span class=\"icon circle\">Gesti\u00f3n de Claims <\/span><span class=\"icon circle\">Soporte a la administraci\u00f3n de contratos de servicios<\/span> <span class=\"icon circle\">Gesti\u00f3n de abastecimiento <\/span><\/p>\n<p class=\"subtitle-section-g left\"><span class=\"icon circle\">Reportabilidad de Backoffice <\/span><span class=\"icon circle\">Ingenieros de contrato <\/span><span class=\"icon circle\">Mesas de compras<\/span><span class=\"icon circle\">Soporte a procesos de pagos<\/span><\/p>\n<p>[\/et_pb_text][\/et_pb_column][et_pb_column type=&#8221;2_5&#8243; _builder_version=&#8221;4.4.1&#8243;][et_pb_image src=&#8221;https:\/\/holos-consulting.com\/wp-content\/uploads\/2020\/10\/outsourcing_content.jpg&#8221; align=&#8221;center&#8221; force_fullwidth=&#8221;on&#8221; _builder_version=&#8221;4.4.1&#8243; custom_margin=&#8221;|48px||||&#8221; border_radii=&#8221;on|5px|5px|5px|5px&#8221;][\/et_pb_image][\/et_pb_column][\/et_pb_row][\/et_pb_section][et_pb_section fb_built=&#8221;1&#8243; module_class=&#8221;ver_mas-btn&#8221; _builder_version=&#8221;4.4.1&#8243; locked=&#8221;off&#8221;][et_pb_row module_class=&#8221;casos_rel&#8221; _builder_version=&#8221;4.4.1&#8243;][et_pb_column type=&#8221;4_4&#8243; _builder_version=&#8221;4.4.1&#8243;][et_pb_text _builder_version=&#8221;4.4.1&#8243; locked=&#8221;off&#8221;]<\/p>\n<h2 class=\"title-section smaller\">CASOS DE \u00c9XITO<\/h2>\n<div class=\"bottom-title\">\u00a0<\/div>\n<p>[\/et_pb_text][\/et_pb_column][\/et_pb_row][et_pb_row column_structure=&#8221;1_3,1_3,1_3&#8243; use_custom_gutter=&#8221;on&#8221; _builder_version=&#8221;4.4.1&#8243;][et_pb_column type=&#8221;1_3&#8243; _builder_version=&#8221;4.4.1&#8243;][et_pb_image src=&#8221;https:\/\/holos-consulting.com\/wp-content\/uploads\/2020\/10\/casos03.jpg&#8221; url=&#8221;https:\/\/holos-consulting.com\/es\/casos-exito\/diseno-e-implementacion-de-una-metodologia-de-administracion-de-contratos\/&#8221; align=&#8221;center&#8221; _builder_version=&#8221;4.4.1&#8243;][\/et_pb_image][et_pb_text admin_label=&#8221;Titulo&#8221; _builder_version=&#8221;4.4.1&#8243;]<\/p>\n<p style=\"text-align: center;\"><a href=\"https:\/\/holos-consulting.com\/es\/casos-exito\/diseno-e-implementacion-de-una-metodologia-de-administracion-de-contratos\/\"><strong>Dise\u00f1o e implementaci\u00f3n de una metodolog\u00eda de administraci\u00f3n de contratos<\/strong><\/a><\/p>\n<p>[\/et_pb_text][et_pb_text _builder_version=&#8221;4.4.1&#8243;]<\/p>\n<p style=\"text-align: center;\">Una empresa de la gran miner\u00eda delegaba la administraci\u00f3n de contratos de servicios en sus empleados, apelando principalmente a las competencias y experiencias propias de cada uno de ellos en la materia.<\/p>\n<p>[\/et_pb_text][et_pb_button button_url=&#8221;https:\/\/holos-consulting.com\/es\/casos-exito\/diseno-e-implementacion-de-una-metodologia-de-administracion-de-contratos\/&#8221; button_text=&#8221;Ver caso&#8221; button_alignment=&#8221;center&#8221; _builder_version=&#8221;4.4.1&#8243;][\/et_pb_button][\/et_pb_column][et_pb_column type=&#8221;1_3&#8243; _builder_version=&#8221;4.4.1&#8243;][et_pb_image src=&#8221;https:\/\/holos-consulting.com\/wp-content\/uploads\/2020\/10\/casos_0003_01_gest_claims.jpg&#8221; url=&#8221;https:\/\/holos-consulting.com\/es\/casos-exito\/gestion-eficiente-de-reclamos-contractuales-claims\/&#8221; align=&#8221;center&#8221; _builder_version=&#8221;4.4.1&#8243;][\/et_pb_image][et_pb_text admin_label=&#8221;Titulo&#8221; _builder_version=&#8221;4.4.1&#8243;]<\/p>\n<p style=\"text-align: center;\"><a href=\"https:\/\/holos-consulting.com\/es\/casos-exito\/gestion-eficiente-de-reclamos-contractuales-claims\/\"><strong>Gesti\u00f3n eficiente de reclamos contractuales (Claims)<\/strong><\/a><\/p>\n<p>[\/et_pb_text][et_pb_text _builder_version=&#8221;4.4.1&#8243;]<\/p>\n<p style=\"text-align: center;\">\u00a0Una empresa de la gran miner\u00eda se enfrent\u00f3 a la necesidad de negociar el cierre de un contrato de tecnolog\u00eda de manera anticipada.<\/p>\n<p>[\/et_pb_text][et_pb_button button_url=&#8221;https:\/\/holos-consulting.com\/es\/casos-exito\/gestion-eficiente-de-reclamos-contractuales-claims\/&#8221; button_text=&#8221;Ver caso&#8221; button_alignment=&#8221;center&#8221; _builder_version=&#8221;4.4.1&#8243;][\/et_pb_button][\/et_pb_column][et_pb_column type=&#8221;1_3&#8243; _builder_version=&#8221;4.4.1&#8243;][et_pb_image src=&#8221;https:\/\/holos-consulting.com\/wp-content\/uploads\/2020\/10\/casos_0001_03_inv_solu_outsourcing.jpg&#8221; url=&#8221;https:\/\/holos-consulting.com\/es\/casos-exito\/investigacion-y-diseno-de-soluciones-a-medida-para-proceso-de-outsourcing\/&#8221; align=&#8221;center&#8221; _builder_version=&#8221;4.4.1&#8243;][\/et_pb_image][et_pb_text admin_label=&#8221;Titulo&#8221; _builder_version=&#8221;4.4.1&#8243;]<\/p>\n<p style=\"text-align: center;\"><a href=\"https:\/\/holos-consulting.com\/es\/casos-exito\/investigacion-y-diseno-de-soluciones-a-medida-para-proceso-de-outsourcing\/\"><strong>Investigaci\u00f3n y dise\u00f1o de soluciones a medida para proceso de outsourcing<\/strong><\/a><\/p>\n<p>[\/et_pb_text][et_pb_text _builder_version=&#8221;4.4.1&#8243;]<\/p>\n<p style=\"text-align: center;\">Una empresa de la gran miner\u00eda realizaba el pago trimestral de un bono por cumplimiento de est\u00e1ndares de seguridad a los trabajadores de sus empresas contratistas, siempre que se cumplieran ciertos requisitos seg\u00fan el rol de cada trabajador.<\/p>\n<p>[\/et_pb_text][et_pb_button button_url=&#8221;https:\/\/holos-consulting.com\/es\/casos-exito\/investigacion-y-diseno-de-soluciones-a-medida-para-proceso-de-outsourcing\/&#8221; button_text=&#8221;Ver caso&#8221; button_alignment=&#8221;center&#8221; _builder_version=&#8221;4.4.1&#8243;][\/et_pb_button][\/et_pb_column][\/et_pb_row][et_pb_row module_class=&#8221;casos_rel&#8221; _builder_version=&#8221;4.4.1&#8243;][et_pb_column type=&#8221;4_4&#8243; _builder_version=&#8221;4.4.1&#8243;][et_pb_button button_url=&#8221;https:\/\/holos-consulting.com\/es\/category\/outsourcing\/&#8221; url_new_window=&#8221;on&#8221; button_text=&#8221;ver todos&#8221; button_alignment=&#8221;center&#8221; _builder_version=&#8221;4.4.1&#8243; custom_button=&#8221;on&#8221; button_text_color=&#8221;#4FABA7&#8243; button_bg_color=&#8221;rgba(0,0,0,0)&#8221; button_border_width=&#8221;2px&#8221; button_border_color=&#8221;#4FABA7&#8243; button_icon=&#8221;%%20%%&#8221; button_icon_color=&#8221;#4FABA7&#8243; hover_enabled=&#8221;0&#8243; locked=&#8221;off&#8221;][\/et_pb_button][\/et_pb_column][\/et_pb_row][\/et_pb_section][et_pb_section fb_built=&#8221;1&#8243; module_class=&#8221;popup-overlay&#8221; _builder_version=&#8221;4.4.1&#8243; background_color=&#8221;rgba(245,245,245,0.7)&#8221; module_alignment=&#8221;center&#8221; min_height=&#8221;600px&#8221; global_module=&#8221;620&#8243; saved_tabs=&#8221;all&#8221;][et_pb_row module_id=&#8221;form&#8221; module_class=&#8221;popup-content&#8221; _builder_version=&#8221;4.4.1&#8243; background_color=&#8221;#ffffff&#8221; width=&#8221;100%&#8221; max_width=&#8221;500px&#8221; module_alignment=&#8221;center&#8221; custom_margin=&#8221;0px||0px||false|false&#8221; custom_padding=&#8221;16px||0px||false|false&#8221;][et_pb_column type=&#8221;4_4&#8243; _builder_version=&#8221;4.4.1&#8243; background_color=&#8221;#ffffff&#8221; custom_padding=&#8221;0px|30px|15px|30px|false|false&#8221; border_radii=&#8221;on|2px|2px|2px|2px&#8221; border_width_bottom=&#8221;5px&#8221; border_color_bottom=&#8221;#7CB038&#8243;][et_pb_text _builder_version=&#8221;4.4.1&#8243; header_text_color=&#8221;#707070&#8243; background_color=&#8221;#ffffff&#8221; text_orientation=&#8221;center&#8221; custom_margin=&#8221;0px||||false|false&#8221; custom_padding=&#8221;0px||||false|false&#8221;]<\/p>\n<h4 class=\"main-title\">Cont\u00e1ctanos<\/h4>\n<p class=\"subtitle\">Env\u00edanos tu consulta y nos contactaremos contigo.<\/p>\n<p>[\/et_pb_text][et_pb_code _builder_version=&#8221;4.4.1&#8243;]<div class=\"caldera-grid\" id=\"caldera_form_1\" data-cf-ver=\"1.9.2\" data-cf-form-id=\"CF5f7b27c90099d\"><div id=\"caldera_notices_1\" data-spinner=\"https:\/\/holos-consulting.com\/wp-admin\/images\/spinner.gif\"><\/div><form data-instance=\"1\" class=\"CF5f7b27c90099d caldera_forms_form cfajax-trigger\" method=\"POST\" enctype=\"multipart\/form-data\" id=\"CF5f7b27c90099d_1\" data-form-id=\"CF5f7b27c90099d\" aria-label=\"Contact Form ES\" data-target=\"#caldera_notices_1\" data-template=\"#cfajax_CF5f7b27c90099d-tmpl\" data-cfajax=\"CF5f7b27c90099d\" data-load-element=\"_parent\" data-load-class=\"cf_processing\" data-post-disable=\"0\" data-action=\"cf_process_ajax_submit\" data-request=\"https:\/\/holos-consulting.com\/es\/\/cf-api\/CF5f7b27c90099d\" data-hiderows=\"true\">\r\n<input type=\"hidden\" id=\"_cf_verify_CF5f7b27c90099d\" name=\"_cf_verify\" value=\"f9baed6d52\"  data-nonce-time=\"1776780125\" \/><input type=\"hidden\" name=\"_wp_http_referer\" value=\"\/es\/wp-json\/wp\/v2\/pages\/614\/\" \/><div id=\"cf2-CF5f7b27c90099d_1\"><\/div><input type=\"hidden\" name=\"_cf_frm_id\" value=\"CF5f7b27c90099d\">\r\n<input type=\"hidden\" name=\"_cf_frm_ct\" value=\"1\">\r\n<input type=\"hidden\" name=\"cfajax\" value=\"CF5f7b27c90099d\">\r\n<input type=\"hidden\" name=\"_cf_cr_pst\" value=\"614\">\r\n<div class=\"hide\" style=\"display:none; overflow:hidden;height:0;width:0;\">\r\n<label>Web Site<\/label><input type=\"text\" name=\"web_site\" value=\"\" autocomplete=\"off\">\r\n<\/div><div id=\"CF5f7b27c90099d_1-row-1\"  class=\"row  first_row\"><div  class=\"col-sm-6  first_col\"><div data-field-wrapper=\"fld_8768091\" class=\"form-group form-group\" id=\"fld_8768091_1-wrap\">\r\n\t<label id=\"fld_8768091Label\" for=\"fld_8768091_1\" class=\"control-label\">Nombre <span aria-hidden=\"true\" role=\"presentation\" class=\"field_required\" style=\"color:#ee0000;\">*<\/span><\/label>\r\n\t<div class=\"\">\r\n\t\t<input   required type=\"text\" data-field=\"fld_8768091\" class=\" form-control\" id=\"fld_8768091_1\" name=\"fld_8768091\" value=\"\" data-type=\"text\" aria-required=\"true\"   aria-labelledby=\"fld_8768091Label\" >\t\t\t<\/div>\r\n<\/div>\r\n<\/div><div  class=\"col-sm-6  last_col\"><div data-field-wrapper=\"fld_9970286\" class=\"form-group\" id=\"fld_9970286_1-wrap\">\r\n\t<label id=\"fld_9970286Label\" for=\"fld_9970286_1\" class=\"control-label\">Apellido <span aria-hidden=\"true\" role=\"presentation\" class=\"field_required\" style=\"color:#ee0000;\">*<\/span><\/label>\r\n\t<div class=\"\">\r\n\t\t<input   required type=\"text\" data-field=\"fld_9970286\" class=\" form-control\" id=\"fld_9970286_1\" name=\"fld_9970286\" value=\"\" data-type=\"text\" aria-required=\"true\"   aria-labelledby=\"fld_9970286Label\" >\t\t\t<\/div>\r\n<\/div>\r\n<\/div><\/div><div id=\"CF5f7b27c90099d_1-row-2\"  class=\"row \"><div  class=\"col-sm-12  single\"><div data-field-wrapper=\"fld_5105215\" class=\"form-group form-group\" id=\"fld_5105215_1-wrap\">\r\n\t<label id=\"fld_5105215Label\" for=\"fld_5105215_1\" class=\"control-label\">Email <span aria-hidden=\"true\" role=\"presentation\" class=\"field_required\" style=\"color:#ee0000;\">*<\/span><\/label>\r\n\t<div class=\"\">\r\n\t\t<input   required type=\"email\" data-field=\"fld_5105215\" class=\" form-control\" id=\"fld_5105215_1\" name=\"fld_5105215\" value=\"\" data-type=\"email\" aria-required=\"true\"   aria-labelledby=\"fld_5105215Label\" >\t\t\t<\/div>\r\n<\/div>\r\n<\/div><\/div><div id=\"CF5f7b27c90099d_1-row-3\"  class=\"row \"><div  class=\"col-sm-6  first_col\"><div data-field-wrapper=\"fld_6387958\" class=\"form-group form-group\" id=\"fld_6387958_1-wrap\">\r\n\t<label id=\"fld_6387958Label\" for=\"fld_6387958_1\" class=\"control-label\">Tel\u00e9fono <span aria-hidden=\"true\" role=\"presentation\" class=\"field_required\" style=\"color:#ee0000;\">*<\/span><\/label>\r\n\t<div class=\"\">\r\n\t\t<input  data-inputmask=\"'mask': '(999)999-9999'\"  required type=\"phone\" data-field=\"fld_6387958\" class=\" form-control\" id=\"fld_6387958_1\" name=\"fld_6387958\" value=\"\" data-type=\"phone\" aria-required=\"true\"   aria-labelledby=\"fld_6387958Label\" >\t\t\t<\/div>\r\n<\/div>\r\n<\/div><div  class=\"col-sm-6  last_col\"><div data-field-wrapper=\"fld_9240950\" class=\"form-group form-group\" id=\"fld_9240950_1-wrap\">\r\n\t<label id=\"fld_9240950Label\" for=\"fld_9240950_1\" class=\"control-label\">Empresa<\/label>\r\n\t<div class=\"\">\r\n\t\t<input    type=\"text\" data-field=\"fld_9240950\" class=\" form-control\" id=\"fld_9240950_1\" name=\"fld_9240950\" value=\"\" data-type=\"text\"   aria-labelledby=\"fld_9240950Label\" >\t\t\t<\/div>\r\n<\/div>\r\n<\/div><\/div><div id=\"CF5f7b27c90099d_1-row-4\"  class=\"row \"><div  class=\"col-sm-12  single\"><div data-field-wrapper=\"fld_7683514\" class=\"form-group\" id=\"fld_7683514_1-wrap\">\r\n\t<label id=\"fld_7683514Label\" for=\"fld_7683514_1\" class=\"control-label\">Mensaje <span aria-hidden=\"true\" role=\"presentation\" class=\"field_required\" style=\"color:#ee0000;\">*<\/span><\/label>\r\n\t<div class=\"\">\r\n\t\t<textarea name=\"fld_7683514\" value=\"\" data-field=\"fld_7683514\" class=\"form-control\" id=\"fld_7683514_1\" rows=\"7\"  required=\"required\"  aria-labelledby=\"fld_7683514Label\" ><\/textarea>\n\t\t\t<\/div>\r\n<\/div>\r\n<\/div><\/div><div id=\"CF5f7b27c90099d_1-row-5\"  class=\"row  last_row\"><div  class=\"col-sm-12  single\"><div data-field-wrapper=\"fld_7908577\" class=\"form-group\" id=\"fld_7908577_1-wrap\">\r\n<div class=\"\">\r\n\t<input  class=\"et_pb_button\" type=\"submit\" name=\"fld_7908577\" id=\"fld_7908577_1\" value=\"ENVIAR\" data-field=\"fld_7908577\"  >\n<\/div>\r\n<\/div>\r\n\t<input class=\"button_trigger_1\" type=\"hidden\" name=\"fld_7908577\" id=\"fld_7908577_1_btn\" value=\"\" data-field=\"fld_7908577\"  \/>\n<\/div><\/div><\/form>\r\n<\/div>\r\n[\/et_pb_code][\/et_pb_column][\/et_pb_row][\/et_pb_section][et_pb_section fb_built=&#8221;1&#8243; module_class=&#8221;popup-overlay_joinus&#8221; _builder_version=&#8221;4.4.1&#8243; background_color=&#8221;rgba(245,245,245,0.7)&#8221; module_alignment=&#8221;center&#8221; min_height=&#8221;600px&#8221; global_module=&#8221;976&#8243; saved_tabs=&#8221;all&#8221; collapsed=&#8221;off&#8221;][et_pb_row module_id=&#8221;form&#8221; module_class=&#8221;popup-content&#8221; _builder_version=&#8221;4.4.1&#8243; background_color=&#8221;#ffffff&#8221; width=&#8221;100%&#8221; max_width=&#8221;500px&#8221; module_alignment=&#8221;center&#8221; custom_margin=&#8221;0px||0px||false|false&#8221; custom_padding=&#8221;16px||0px||false|false&#8221;][et_pb_column type=&#8221;4_4&#8243; _builder_version=&#8221;4.4.1&#8243; background_color=&#8221;#ffffff&#8221; custom_padding=&#8221;0px|30px|15px|30px|false|false&#8221; border_radii=&#8221;on|2px|2px|2px|2px&#8221; border_width_bottom=&#8221;5px&#8221; border_color_bottom=&#8221;#7CB038&#8243;][et_pb_text _builder_version=&#8221;4.4.1&#8243; header_text_color=&#8221;#707070&#8243; background_color=&#8221;#ffffff&#8221; text_orientation=&#8221;center&#8221; custom_margin=&#8221;0px||||false|false&#8221; custom_padding=&#8221;0px||||false|false&#8221;]<\/p>\n<h4 class=\"main-title\">Trabaja con nosotros<\/h4>\n<p class=\"subtitle\">Env\u00edanos tus datos, cu\u00e9ntanos a qu\u00e9 puesto te gustar\u00eda postular y nos pondremos en contacto contigo.<\/p>\n<p>[\/et_pb_text][et_pb_code _builder_version=&#8221;4.4.1&#8243;]<div class=\"caldera-grid\" id=\"caldera_form_2\" data-cf-ver=\"1.9.2\" data-cf-form-id=\"CF5f88814abf63e\"><div id=\"caldera_notices_2\" data-spinner=\"https:\/\/holos-consulting.com\/wp-admin\/images\/spinner.gif\"><\/div><form data-instance=\"2\" class=\"CF5f88814abf63e caldera_forms_form cfajax-trigger\" method=\"POST\" enctype=\"multipart\/form-data\" id=\"CF5f88814abf63e_2\" data-form-id=\"CF5f88814abf63e\" aria-label=\"Join us Form ES\" data-target=\"#caldera_notices_2\" data-template=\"#cfajax_CF5f88814abf63e-tmpl\" data-cfajax=\"CF5f88814abf63e\" data-load-element=\"_parent\" data-load-class=\"cf_processing\" data-post-disable=\"0\" data-action=\"cf_process_ajax_submit\" data-request=\"https:\/\/holos-consulting.com\/es\/\/cf-api\/CF5f88814abf63e\" data-hiderows=\"true\">\r\n<input type=\"hidden\" id=\"_cf_verify_CF5f88814abf63e\" name=\"_cf_verify\" value=\"b572728f79\"  data-nonce-time=\"1776780125\" \/><input type=\"hidden\" name=\"_wp_http_referer\" value=\"\/es\/wp-json\/wp\/v2\/pages\/614\/\" \/><div id=\"cf2-CF5f88814abf63e_2\"><\/div><input type=\"hidden\" name=\"_cf_frm_id\" value=\"CF5f88814abf63e\">\r\n<input type=\"hidden\" name=\"_cf_frm_ct\" value=\"2\">\r\n<input type=\"hidden\" name=\"cfajax\" value=\"CF5f88814abf63e\">\r\n<input type=\"hidden\" name=\"_cf_cr_pst\" value=\"614\">\r\n<div class=\"hide\" style=\"display:none; overflow:hidden;height:0;width:0;\">\r\n<label>Phone<\/label><input type=\"text\" name=\"phone\" value=\"\" autocomplete=\"off\">\r\n<\/div><div id=\"CF5f88814abf63e_2-row-1\"  class=\"row  first_row\"><div  class=\"col-sm-6  first_col\"><div data-field-wrapper=\"fld_8768091\" class=\"form-group form-group\" id=\"fld_8768091_2-wrap\">\r\n\t<label id=\"fld_8768091Label\" for=\"fld_8768091_2\" class=\"control-label\">Nombre <span aria-hidden=\"true\" role=\"presentation\" class=\"field_required\" style=\"color:#ee0000;\">*<\/span><\/label>\r\n\t<div class=\"\">\r\n\t\t<input   required type=\"text\" data-field=\"fld_8768091\" class=\" form-control\" id=\"fld_8768091_2\" name=\"fld_8768091\" value=\"\" data-type=\"text\" aria-required=\"true\"   aria-labelledby=\"fld_8768091Label\" >\t\t\t<\/div>\r\n<\/div>\r\n<\/div><div  class=\"col-sm-6  last_col\"><div data-field-wrapper=\"fld_9970286\" class=\"form-group\" id=\"fld_9970286_2-wrap\">\r\n\t<label id=\"fld_9970286Label\" for=\"fld_9970286_2\" class=\"control-label\">Apellido <span aria-hidden=\"true\" role=\"presentation\" class=\"field_required\" style=\"color:#ee0000;\">*<\/span><\/label>\r\n\t<div class=\"\">\r\n\t\t<input   required type=\"text\" data-field=\"fld_9970286\" class=\" form-control\" id=\"fld_9970286_2\" name=\"fld_9970286\" value=\"\" data-type=\"text\" aria-required=\"true\"   aria-labelledby=\"fld_9970286Label\" >\t\t\t<\/div>\r\n<\/div>\r\n<\/div><\/div><div id=\"CF5f88814abf63e_2-row-2\"  class=\"row \"><div  class=\"col-sm-6  first_col\"><div data-field-wrapper=\"fld_6387958\" class=\"form-group form-group\" id=\"fld_6387958_2-wrap\">\r\n\t<label id=\"fld_6387958Label\" for=\"fld_6387958_2\" class=\"control-label\">Tel\u00e9fono <span aria-hidden=\"true\" role=\"presentation\" class=\"field_required\" style=\"color:#ee0000;\">*<\/span><\/label>\r\n\t<div class=\"\">\r\n\t\t<input  data-inputmask=\"'mask': '(999)999-9999'\"  required type=\"phone\" data-field=\"fld_6387958\" class=\" form-control\" id=\"fld_6387958_2\" name=\"fld_6387958\" value=\"\" data-type=\"phone\" aria-required=\"true\"   aria-labelledby=\"fld_6387958Label\" >\t\t\t<\/div>\r\n<\/div>\r\n<\/div><div  class=\"col-sm-6  last_col\"><div data-field-wrapper=\"fld_5105215\" class=\"form-group form-group\" id=\"fld_5105215_2-wrap\">\r\n\t<label id=\"fld_5105215Label\" for=\"fld_5105215_2\" class=\"control-label\">Email <span aria-hidden=\"true\" role=\"presentation\" class=\"field_required\" style=\"color:#ee0000;\">*<\/span><\/label>\r\n\t<div class=\"\">\r\n\t\t<input   required type=\"email\" data-field=\"fld_5105215\" class=\" form-control\" id=\"fld_5105215_2\" name=\"fld_5105215\" value=\"\" data-type=\"email\" aria-required=\"true\"   aria-labelledby=\"fld_5105215Label\" >\t\t\t<\/div>\r\n<\/div>\r\n<\/div><\/div><div id=\"CF5f88814abf63e_2-row-3\"  class=\"row \"><div  class=\"col-sm-12  single\"><div data-field-wrapper=\"fld_7683514\" class=\"form-group\" id=\"fld_7683514_2-wrap\">\r\n\t<label id=\"fld_7683514Label\" for=\"fld_7683514_2\" class=\"control-label\">Mensaje <span aria-hidden=\"true\" role=\"presentation\" class=\"field_required\" style=\"color:#ee0000;\">*<\/span><\/label>\r\n\t<div class=\"\">\r\n\t\t<textarea name=\"fld_7683514\" value=\"\" data-field=\"fld_7683514\" class=\"form-control\" id=\"fld_7683514_2\" rows=\"7\"  required=\"required\"  aria-labelledby=\"fld_7683514Label\" ><\/textarea>\n\t\t\t<\/div>\r\n<\/div>\r\n<\/div><\/div><div id=\"CF5f88814abf63e_2-row-4\"  class=\"row  last_row\"><div  class=\"col-sm-12  single\"><div data-field-wrapper=\"fld_7908577\" class=\"form-group\" id=\"fld_7908577_2-wrap\">\r\n<div class=\"\">\r\n\t<input  class=\"et_pb_button\" type=\"submit\" name=\"fld_7908577\" id=\"fld_7908577_2\" value=\"ENVIAR\" data-field=\"fld_7908577\"  >\n<\/div>\r\n<\/div>\r\n\t<input class=\"button_trigger_2\" type=\"hidden\" name=\"fld_7908577\" id=\"fld_7908577_2_btn\" value=\"\" data-field=\"fld_7908577\"  \/>\n<\/div><\/div><\/form>\r\n<\/div>\r\n[\/et_pb_code][\/et_pb_column][\/et_pb_row][\/et_pb_section]<\/p>\n","protected":false},"excerpt":{"rendered":"<p>[et_pb_section fb_built=&#8221;1&#8243; _builder_version=&#8221;4.4.1&#8243; background_image=&#8221;https:\/\/holos-consulting.com\/\/wp-content\/uploads\/2020\/10\/outsourcing_main.jpg&#8221; min_height=&#8221;650px&#8221; max_height=&#8221;760px&#8221;][et_pb_row _builder_version=&#8221;4.4.1&#8243;][et_pb_column type=&#8221;4_4&#8243; _builder_version=&#8221;4.4.1&#8243;][\/et_pb_column][\/et_pb_row][\/et_pb_section][et_pb_section fb_built=&#8221;1&#8243; module_id=&#8221;outsourcing&#8221; _builder_version=&#8221;4.4.1&#8243; background_color=&#8221;#F6F7F5&#8243; custom_padding=&#8221;3px||90px|||&#8221;][et_pb_row module_class=&#8221;outsourcing&#8221; _builder_version=&#8221;4.4.1&#8243; max_width=&#8221;1280px&#8221; custom_margin=&#8221;-120px||||false|false&#8221; custom_padding=&#8221;0px|||||&#8221;][et_pb_column type=&#8221;4_4&#8243; _builder_version=&#8221;4.4.1&#8243;][et_pb_text _builder_version=&#8221;4.4.1&#8243; background_color=&#8221;#ffffff&#8221; width=&#8221;760px&#8221; module_alignment=&#8221;left&#8221; custom_margin=&#8221;||90px|||&#8221; custom_padding=&#8221;60px|50px|60px|50px|false|false&#8221; hover_enabled=&#8221;0&#8243; border_width_left=&#8221;5px&#8221; border_color_left=&#8221;#4FABA7&#8243;] OUTSOURCING Nuestro enfoque hol\u00edstico resulta fundamental al abordar la externalizaci\u00f3n de procesos de negocios. A trav\u00e9s de un modelo de mejora continua con resultados verificables, [&hellip;]<\/p>\n","protected":false},"author":3,"featured_media":0,"parent":0,"menu_order":0,"comment_status":"closed","ping_status":"closed","template":"","meta":{"_et_pb_use_builder":"on","_et_pb_old_content":"","_et_gb_content_width":""},"_links":{"self":[{"href":"https:\/\/holos-consulting.com\/es\/wp-json\/wp\/v2\/pages\/614\/"}],"collection":[{"href":"https:\/\/holos-consulting.com\/es\/wp-json\/wp\/v2\/pages\/"}],"about":[{"href":"https:\/\/holos-consulting.com\/es\/wp-json\/wp\/v2\/types\/page\/"}],"author":[{"embeddable":true,"href":"https:\/\/holos-consulting.com\/es\/wp-json\/wp\/v2\/users\/3\/"}],"replies":[{"embeddable":true,"href":"https:\/\/holos-consulting.com\/es\/wp-json\/wp\/v2\/comments\/?post=614"}],"version-history":[{"count":27,"href":"https:\/\/holos-consulting.com\/es\/wp-json\/wp\/v2\/pages\/614\/revisions\/"}],"predecessor-version":[{"id":2056,"href":"https:\/\/holos-consulting.com\/es\/wp-json\/wp\/v2\/pages\/614\/revisions\/2056\/"}],"wp:attachment":[{"href":"https:\/\/holos-consulting.com\/es\/wp-json\/wp\/v2\/media\/?parent=614"}],"curies":[{"name":"wp","href":"https:\/\/api.w.org\/{rel}","templated":true}]}}